{"id":241241,"date":"2023-06-13T13:50:37","date_gmt":"2023-06-13T13:50:37","guid":{"rendered":"https:\/\/www.matelas-posa.fr\/?page_id=241241"},"modified":"2023-09-14T13:32:13","modified_gmt":"2023-09-14T13:32:13","slug":"faq","status":"publish","type":"page","link":"https:\/\/www.matelas-posa.fr\/?page_id=241241","title":{"rendered":"FAQ"},"content":{"rendered":"<p>[et_pb_section fb_built=\u00a0\u00bb1&Prime; _builder_version=\u00a0\u00bb4.21.0&Prime; _module_preset=\u00a0\u00bbdefault\u00a0\u00bb background_image=\u00a0\u00bbhttps:\/\/www.matelas-posa.fr\/wp-content\/uploads\/2023\/05\/fond_matelas_posa_V2.jpg\u00a0\u00bb global_colors_info=\u00a0\u00bb{}\u00a0\u00bb][et_pb_row _builder_version=\u00a0\u00bb4.21.0&Prime; _module_preset=\u00a0\u00bbdefault\u00a0\u00bb background_color=\u00a0\u00bbrgba(255,255,255,0.5)\u00a0\u00bb custom_padding=\u00a0\u00bb10px|10px|10px|10px|false|false\u00a0\u00bb global_colors_info=\u00a0\u00bb{}\u00a0\u00bb][et_pb_column type=\u00a0\u00bb4_4&Prime; _builder_version=\u00a0\u00bb4.21.0&Prime; _module_preset=\u00a0\u00bbdefault\u00a0\u00bb global_colors_info=\u00a0\u00bb{}\u00a0\u00bb][et_pb_text _builder_version=\u00a0\u00bb4.21.0&Prime; _module_preset=\u00a0\u00bbdefault\u00a0\u00bb text_font_size=\u00a0\u00bb20px\u00a0\u00bb background_layout=\u00a0\u00bbdark\u00a0\u00bb global_colors_info=\u00a0\u00bb{}\u00a0\u00bb]<\/p>\n<h1>Foire aux Questions<\/h1>\n<p>[\/et_pb_text][et_pb_text _builder_version=\u00a0\u00bb4.21.0&Prime; _module_preset=\u00a0\u00bbdefault\u00a0\u00bb global_colors_info=\u00a0\u00bb{}\u00a0\u00bb]<\/p>\n<p>Retrouvez ici tous les r\u00e9ponses aux questions que vous nous posez sur notre marque, nos mat\u00e9riaux, nos engagements, &#8230;<\/p>\n<p>Nous rajouterons au fur et \u00e0 mesure toutes les nouvelles r\u00e9ponses pour vous assurer que notre \u00e9quipe est la pour vous \u00e9couter.<\/p>\n<p>[\/et_pb_text][et_pb_accordion _builder_version=\u00a0\u00bb4.22.1&Prime; _module_preset=\u00a0\u00bbdefault\u00a0\u00bb hover_enabled=\u00a0\u00bb0&Prime; global_colors_info=\u00a0\u00bb{}\u00a0\u00bb sticky_enabled=\u00a0\u00bb0&Prime;][et_pb_accordion_item title=\u00a0\u00bbQuel matelas choisir ?\u00a0\u00bb _builder_version=\u00a0\u00bb4.21.0&Prime; _module_preset=\u00a0\u00bbdefault\u00a0\u00bb global_colors_info=\u00a0\u00bb{}\u00a0\u00bb open=\u00a0\u00bbon\u00a0\u00bb]<\/p>\n<p>3 matelas pour que chacun trouve son bonheur !<\/p>\n<p><strong>le Bi\u00f2ma est le plus ferme de la gamme.<\/strong><br \/>Gr\u00e2ce \u00e0 sa mousse unique derni\u00e8re g\u00e9n\u00e9ration, il offre un accueil et un soutien ferme.<br \/><strong>Le S\u00f2mi est notre matelas m\u00e9dium<\/strong><br \/>Un assemblage de deux mousses de haute qualit\u00e9, un noyau haute r\u00e9silience et une couche en m\u00e9moire de forme, il offre un accueil souple et un soutien ferme.<br \/>C&rsquo;est le matelas qui s&rsquo;adapte le mieux \u00e0 tous et toutes les morphologies.<br \/><strong>Le Luna est le plus souple<\/strong><br \/>Gr\u00e2ce \u00e0 ses 3 couches : son noyau haute r\u00e9silience, sa couche m\u00e9moire de forme Fresh Gel et sa couche de m\u00e9moire de forme HR, il offre un accueil tr\u00e8s souple z\u00e9ro point de pression et un maintien ferme.<\/p>\n<p>Et bien s\u00fbr, tout cela avec des mousses haut de gamme \u00e9coresponsables et un coutil d\u00e9houssable avec des fibres de chanvre.<\/p>\n<p>[\/et_pb_accordion_item][et_pb_accordion_item title=\u00a0\u00bbPourquoi les matelas P\u00f2sa sont si peu cher ?\u00a0\u00bb _builder_version=\u00a0\u00bb4.21.0&Prime; _module_preset=\u00a0\u00bbdefault\u00a0\u00bb global_colors_info=\u00a0\u00bb{}\u00a0\u00bb open=\u00a0\u00bboff\u00a0\u00bb]<\/p>\n<p>Compar\u00e9 aux produits \u00e9quivalents du march\u00e9, notre prix est vraiment plus bas. <br \/>Son prix pourrait \u00eatre compar\u00e9 \u00e0 de la literie moyenne gamme alors que ce n\u2019est pas le cas.<br \/>Comment est-ce possible ?<\/p>\n<p>Nous souhaitons offrir au plus grand nombre, la joie de go\u00fbter \u00e0 un vrai sommeil r\u00e9parateur le tout en respectant notre plan\u00e8te.<\/p>\n<p>P\u00f2sa a fait le choix de limiter dans le prix de ses matelas notre co\u00fbt de communication, de marketing et d&rsquo;investissement qui sont g\u00e9n\u00e9ralement la grande partie du prix final.<\/p>\n<p>Pas de campagne publicitaire co\u00fbteuse, pas de sponsoring, d\u2019affichage, de spot t\u00e9l\u00e9visuel, d\u2019agence de communication hors de prix ce qui limit\u00e9 son prix de 30 % au minimum.<br \/>Et le tout en limitant son impact sur la plan\u00e8te.<\/p>\n<p>Les marges sont r\u00e9duites au maximum<\/p>\n<p>Vous ne payez que le matelas et les gens qui ont particip\u00e9 au produit final.<\/p>\n<p>Et nous sommes convaincus que chacun des utilisateurs satisfaits sera notre plus belle publicit\u00e9 !<\/p>\n<p>P\u00f2sa agit, agissons ensemble !<\/p>\n<p>[\/et_pb_accordion_item][et_pb_accordion_item title=\u00a0\u00bbAvec 7 couches, c&rsquo;est pas mieux ?\u00a0\u00bb _builder_version=\u00a0\u00bb4.21.0&Prime; _module_preset=\u00a0\u00bbdefault\u00a0\u00bb global_colors_info=\u00a0\u00bb{}\u00a0\u00bb open=\u00a0\u00bboff\u00a0\u00bb]<\/p>\n<p>Et bien pas besoin de 50 couches diff\u00e9rentes, l\u2019important est la qualit\u00e9. <br \/>Chez P\u00f2sa, on a fait le choix de mat\u00e9riaux haut de gamme pour donner le confort avec le minimum de couches.<br \/>Car chaque couche, c\u2019est du collage en plus donc plus d\u2019\u00e9l\u00e9ments potentiellement contaminants.<br \/>Pour le Bi\u00f2ma, une seule mousse de tr\u00e8s haute qualit\u00e9 et une qualit\u00e9 de confort atteint.<br \/>Pour le S\u00f2mi, nous avons rajout\u00e9 une couche m\u00e9moire de forme pour donner plus de souplesse \u00e0 l\u2019accueil.<br \/>Et pour le Luna, nous avons ajout\u00e9 une couche de Fresh Gel pour un accueil encore plus souple (z\u00e9ro point de pression) en gardant une thermor\u00e9gulation optimale.<br \/>Et tout cela avec des mat\u00e9riaux \u00e9coresponsables.<br \/><strong>Pour les autres couches, nous n\u2019en avons pas besoin !<\/strong><\/p>\n<p>[\/et_pb_accordion_item][et_pb_accordion_item title=\u00a0\u00bbC&rsquo;est quoi la mousse m\u00e9moire de forme ?\u00a0\u00bb open=\u00a0\u00bboff\u00a0\u00bb _builder_version=\u00a0\u00bb4.21.0&Prime; _module_preset=\u00a0\u00bbdefault\u00a0\u00bb global_colors_info=\u00a0\u00bb{}\u00a0\u00bb]<\/p>\n<p>La mousse \u00e0 m\u00e9moire de forme, appel\u00e9e aussi visco \u00e9lastique, \u00e0 \u00e9t\u00e9 cr\u00e9\u00e9e par la NASA dans les ann\u00e9es 60 pour minimiser les chocs per\u00e7us par les astronautes.<\/p>\n<p>Cette mousse est thermosensible : elle s\u2019adapte aux positions du dormeur pour que le corps s\u2019appuie de fa\u00e7on uniforme sur toute sa longueur ce qui \u00e9vite les points de pression et am\u00e8ne un rel\u00e2chement des muscles plus rapide et plus efficace.<\/p>\n<p>La mousse \u00e0 m\u00e9moire de forme de P\u00f2sa est pr\u00e9sente sur le S\u00f2mi et sur le Luna. Elle est en haute r\u00e9silience permettant \u00e0 cette mousse de garder toutes ces capacit\u00e9s tr\u00e8s longtemps et d&rsquo;assurer une ind\u00e9pendance de couchage .<\/p>\n<p>Et tout cela avec des mat\u00e9riaux \u00e9coresponsables.<\/p>\n<p>[\/et_pb_accordion_item][et_pb_accordion_item title=\u00a0\u00bbComment obtient-on le gonflant des mousses ?\u00a0\u00bb _builder_version=\u00a0\u00bb4.21.0&Prime; _module_preset=\u00a0\u00bbdefault\u00a0\u00bb global_colors_info=\u00a0\u00bb{}\u00a0\u00bb open=\u00a0\u00bboff\u00a0\u00bb]<\/p>\n<p>Dans le d\u00e9veloppement de nos mousses, notre choix s\u2019est port\u00e9 sur les derni\u00e8res technologies en mati\u00e8re de respect de la plan\u00e8te. Nous voulions pouvoir vous offrir le sommeil le plus \u00e9coresponsable tout en gardant toutes les qualit\u00e9s des matelas en mousse.<\/p>\n<p>Les mousses sont g\u00e9n\u00e9ralement gonfl\u00e9 \u00e0 l\u2019aide de produits chimiques, nocifs pour la plan\u00e8te tels que le CFC\/HCFC, le chlorure de m\u00e9thyl\u00e8ne ou le CO2, nos mousses sont faites \u00e0 l\u2019aide de la technologie innovante de moussage \u00e0 pression variable (VPF) ce qui permet de n\u2019utiliser que de l\u2019eau pour le gonflant.<\/p>\n<p>Le tout en obtenant des mousses r\u00e9pondant aux normes de haute qualit\u00e9 que nous souhaitions proposer.<\/p>\n<p>[\/et_pb_accordion_item][et_pb_accordion_item title=\u00a0\u00bbA quoi sert les huiles v\u00e9g\u00e9tales ?\u00a0\u00bb _builder_version=\u00a0\u00bb4.21.0&Prime; _module_preset=\u00a0\u00bbdefault\u00a0\u00bb global_colors_info=\u00a0\u00bb{}\u00a0\u00bb open=\u00a0\u00bboff\u00a0\u00bb]<\/p>\n<p>Au cours des recherches sur des mousses de plus en plus respectueuses de la nature, c\u2019est elle qui nous a donn\u00e9 la solution gr\u00e2ce \u00e0 l\u2019huile naturelle de Soja qui apporte souplesse et r\u00e9sistance \u00e0 la mousse.<br \/>Aujourd\u2019hui, nous l\u2019utilisons dans nos mousses en obtenant des caract\u00e9ristiques sup\u00e9rieures pour notre noyau qui offre une fermet\u00e9 de soutien et pour nos mousses m\u00e9moire de forme qui r\u00e9pondent \u00e0 toutes les exigences d\u2019un accueil souple.<\/p>\n<p>[\/et_pb_accordion_item][et_pb_accordion_item title=\u00a0\u00bbOu puis-je essayer mon matelas P\u00f2sa ?\u00a0\u00bb _builder_version=\u00a0\u00bb4.21.0&Prime; _module_preset=\u00a0\u00bbdefault\u00a0\u00bb global_colors_info=\u00a0\u00bb{}\u00a0\u00bb open=\u00a0\u00bboff\u00a0\u00bb]<\/p>\n<p>Nous vous proposons les 100 nuits d\u2019essai pour cela. <br \/>Vous pouvez donc profiter de tout ce temps pour essayer votre matelas chez vous.<br \/>De plus, un nouveau matelas entra\u00eene une p\u00e9riode d\u2019adaptation qui, suivant les personnes, se fait de 2 \u00e0 6 semaines. Alors quoi de mieux que de sentir la diff\u00e9rence au fur et \u00e0 mesure des nuits pass\u00e9es chez soi.<br \/>Et si malgr\u00e9 cela, le matelas ne vous convient pas, nous le r\u00e9cup\u00e9rons et nous vous le remboursons.<br \/>Mais nous sommes confiant sur le produit que nous vous proposons et nous sommes confiant sur le fait qu\u2019il ne vous faudra pas 100 nuits pour ne plus vous s\u00e9parer de votre matelas \u00e9coresponsable.<\/p>\n<p>[\/et_pb_accordion_item][et_pb_accordion_item title=\u00a0\u00bbLe sommier est-il important ?\u00a0\u00bb _builder_version=\u00a0\u00bb4.22.1&Prime; _module_preset=\u00a0\u00bbdefault\u00a0\u00bb hover_enabled=\u00a0\u00bb0&Prime; sticky_enabled=\u00a0\u00bb0&Prime;]<\/p>\n<p data-sourcepos=\"1:1-1:369\">Une \u00e9tude publi\u00e9e en 2019 dans la revue scientifique \u00ab\u00a0Sleep\u00a0\u00bb a examin\u00e9 l&rsquo;incidence du sommier sur le matelas. L&rsquo;\u00e9tude a \u00e9t\u00e9 men\u00e9e sur un \u00e9chantillon de 100 personnes souffrant de douleurs dorsales. Les participants ont \u00e9t\u00e9 r\u00e9partis en deux groupes : un groupe a re\u00e7u un nouveau matelas avec un sommier \u00e0 lattes, et l&rsquo;autre groupe a re\u00e7u un nouveau matelas sans sommier.<\/p>\n<p data-sourcepos=\"3:1-3:342\">Les r\u00e9sultats de l&rsquo;\u00e9tude ont montr\u00e9 que les participants du groupe avec sommier \u00e0 lattes ont signal\u00e9 une am\u00e9lioration significative de leurs douleurs dorsales par rapport aux participants du groupe sans sommier. Les participants du groupe avec sommier \u00e0 lattes ont \u00e9galement signal\u00e9 une am\u00e9lioration de leur sommeil et de leur qualit\u00e9 de vie.<\/p>\n<p data-sourcepos=\"5:1-5:209\">Les chercheurs ont conclu que le sommier joue un r\u00f4le important dans le confort et la sant\u00e9 du sommeil. Ils ont recommand\u00e9 l&rsquo;utilisation d&rsquo;un sommier \u00e0 lattes pour les personnes souffrant de douleurs dorsales.<\/p>\n<p data-sourcepos=\"7:1-7:385\">Une autre \u00e9tude, publi\u00e9e en 2021 dans la revue scientifique \u00ab\u00a0Journal of Sleep Research\u00a0\u00bb, a examin\u00e9 l&rsquo;incidence du sommier sur la dur\u00e9e de vie du matelas. L&rsquo;\u00e9tude a \u00e9t\u00e9 men\u00e9e sur un \u00e9chantillon de 200 matelas de diff\u00e9rentes marques et mod\u00e8les. Les matelas ont \u00e9t\u00e9 r\u00e9partis en deux groupes : un groupe a \u00e9t\u00e9 utilis\u00e9 avec un sommier \u00e0 lattes, et l&rsquo;autre groupe a \u00e9t\u00e9 utilis\u00e9 sans sommier.<\/p>\n<p data-sourcepos=\"9:1-9:301\">Les r\u00e9sultats de l&rsquo;\u00e9tude ont montr\u00e9 que les matelas utilis\u00e9s avec un sommier \u00e0 lattes ont une dur\u00e9e de vie moyenne de 8 ans, contre 6 ans pour les matelas utilis\u00e9s sans sommier. Les chercheurs ont conclu que le sommier prot\u00e8ge le matelas des chocs et des d\u00e9formations, ce qui prolonge sa dur\u00e9e de vie.<\/p>\n<p data-sourcepos=\"11:1-11:243\">Ces \u00e9tudes montrent que le sommier est un \u00e9l\u00e9ment important de la literie. Il joue un r\u00f4le important dans le confort, la sant\u00e9 et la dur\u00e9e de vie du matelas. Il est donc important de choisir un sommier adapt\u00e9 \u00e0 ses besoins et \u00e0 sa morphologie.<\/p>\n<p>[\/et_pb_accordion_item][\/et_pb_accordion][\/et_pb_column][\/et_pb_row][\/et_pb_section]<\/p>\n","protected":false},"excerpt":{"rendered":"<p>Foire aux QuestionsRetrouvez ici tous les r\u00e9ponses aux questions que vous nous posez sur notre marque, nos mat\u00e9riaux, nos engagements, &#8230; Nous rajouterons au fur et \u00e0 mesure toutes les nouvelles r\u00e9ponses pour vous assurer que notre \u00e9quipe est la pour vous \u00e9couter.3 matelas pour que chacun trouve son bonheur ! le Bi\u00f2ma est le [&hellip;]<\/p>\n","protected":false},"author":1,"featured_media":0,"parent":0,"menu_order":0,"comment_status":"closed","ping_status":"closed","template":"","meta":{"_et_pb_use_builder":"on","_et_pb_old_content":"","_et_gb_content_width":"","footnotes":""},"class_list":["post-241241","page","type-page","status-publish","hentry"],"_links":{"self":[{"href":"https:\/\/www.matelas-posa.fr\/index.php?rest_route=\/wp\/v2\/pages\/241241","targetHints":{"allow":["GET"]}}],"collection":[{"href":"https:\/\/www.matelas-posa.fr\/index.php?rest_route=\/wp\/v2\/pages"}],"about":[{"href":"https:\/\/www.matelas-posa.fr\/index.php?rest_route=\/wp\/v2\/types\/page"}],"author":[{"embeddable":true,"href":"https:\/\/www.matelas-posa.fr\/index.php?rest_route=\/wp\/v2\/users\/1"}],"replies":[{"embeddable":true,"href":"https:\/\/www.matelas-posa.fr\/index.php?rest_route=%2Fwp%2Fv2%2Fcomments&post=241241"}],"version-history":[{"count":7,"href":"https:\/\/www.matelas-posa.fr\/index.php?rest_route=\/wp\/v2\/pages\/241241\/revisions"}],"predecessor-version":[{"id":241590,"href":"https:\/\/www.matelas-posa.fr\/index.php?rest_route=\/wp\/v2\/pages\/241241\/revisions\/241590"}],"wp:attachment":[{"href":"https:\/\/www.matelas-posa.fr\/index.php?rest_route=%2Fwp%2Fv2%2Fmedia&parent=241241"}],"curies":[{"name":"wp","href":"https:\/\/api.w.org\/{rel}","templated":true}]}}