{"id":227,"date":"2023-01-19T13:45:26","date_gmt":"2023-01-19T13:45:26","guid":{"rendered":"https:\/\/www.matelas-posa.fr\/?page_id=227"},"modified":"2023-04-24T15:54:04","modified_gmt":"2023-04-24T15:54:04","slug":"oreiller-posa","status":"publish","type":"page","link":"https:\/\/www.matelas-posa.fr\/?page_id=227","title":{"rendered":"Oreiller POSA"},"content":{"rendered":"<p>[et_pb_section fb_built=\u00a0\u00bb1&Prime; disabled_on=\u00a0\u00bbon|off|off\u00a0\u00bb _builder_version=\u00a0\u00bb4.20.2&Prime; _module_preset=\u00a0\u00bbdefault\u00a0\u00bb background_image=\u00a0\u00bbhttps:\/\/www.matelas-posa.fr\/wp-content\/uploads\/2022\/10\/fond_matelas_aloe_vera_posa.jpg\u00a0\u00bb parallax=\u00a0\u00bbon\u00a0\u00bb background_enable_mask_style=\u00a0\u00bbon\u00a0\u00bb background_mask_style=\u00a0\u00bbwave\u00a0\u00bb background_mask_transform=\u00a0\u00bbflip_horizontal|flip_vertical\u00a0\u00bb custom_margin=\u00a0\u00bb-6vh||0px|-6vw|false|false\u00a0\u00bb global_colors_info=\u00a0\u00bb{}\u00a0\u00bb][et_pb_row column_structure=\u00a0\u00bb1_2,1_2&Prime; _builder_version=\u00a0\u00bb4.19.0&Prime; _module_preset=\u00a0\u00bbdefault\u00a0\u00bb width=\u00a0\u00bb90%\u00a0\u00bb max_width=\u00a0\u00bb1635px\u00a0\u00bb global_colors_info=\u00a0\u00bb{}\u00a0\u00bb][et_pb_column type=\u00a0\u00bb1_2&Prime; _builder_version=\u00a0\u00bb4.18.0&Prime; _module_preset=\u00a0\u00bbdefault\u00a0\u00bb global_colors_info=\u00a0\u00bb{}\u00a0\u00bb][et_pb_image src=\u00a0\u00bbhttps:\/\/www.matelas-posa.fr\/wp-content\/uploads\/2023\/01\/oreillerboite-POSA.png\u00a0\u00bb title_text=\u00a0\u00bboreiller+bo\u00eete-POSA\u00a0\u00bb align=\u00a0\u00bbright\u00a0\u00bb _builder_version=\u00a0\u00bb4.19.0&Prime; _module_preset=\u00a0\u00bbdefault\u00a0\u00bb width=\u00a0\u00bb55vw\u00a0\u00bb custom_margin=\u00a0\u00bb|||55px|false|false\u00a0\u00bb global_colors_info=\u00a0\u00bb{}\u00a0\u00bb][\/et_pb_image][et_pb_text _builder_version=\u00a0\u00bb4.20.2&Prime; _module_preset=\u00a0\u00bbdefault\u00a0\u00bb global_colors_info=\u00a0\u00bb{}\u00a0\u00bb]<\/p>\n<p><img loading=\"lazy\" decoding=\"async\" src=\"https:\/\/www.matelas-posa.fr\/wp-content\/uploads\/2023\/04\/POSA_ecoresponsable-300x300.png\" width=\"90\" height=\"90\" alt=\"\" class=\"wp-image-1887 alignnone size-medium\" srcset=\"https:\/\/www.matelas-posa.fr\/wp-content\/uploads\/2023\/04\/POSA_ecoresponsable-300x300.png 300w, https:\/\/www.matelas-posa.fr\/wp-content\/uploads\/2023\/04\/POSA_ecoresponsable-100x100.png 100w, https:\/\/www.matelas-posa.fr\/wp-content\/uploads\/2023\/04\/POSA_ecoresponsable-150x150.png 150w, https:\/\/www.matelas-posa.fr\/wp-content\/uploads\/2023\/04\/POSA_ecoresponsable.png 427w\" sizes=\"(max-width: 90px) 100vw, 90px\" \/> <img loading=\"lazy\" decoding=\"async\" src=\"https:\/\/www.matelas-posa.fr\/wp-content\/uploads\/2023\/04\/POSA_memoire_forme-300x300.png\" width=\"90\" height=\"90\" alt=\"\" class=\"wp-image-1892 alignnone size-medium\" srcset=\"https:\/\/www.matelas-posa.fr\/wp-content\/uploads\/2023\/04\/POSA_memoire_forme-300x300.png 300w, https:\/\/www.matelas-posa.fr\/wp-content\/uploads\/2023\/04\/POSA_memoire_forme-100x100.png 100w, https:\/\/www.matelas-posa.fr\/wp-content\/uploads\/2023\/04\/POSA_memoire_forme-150x150.png 150w, https:\/\/www.matelas-posa.fr\/wp-content\/uploads\/2023\/04\/POSA_memoire_forme.png 426w\" sizes=\"(max-width: 90px) 100vw, 90px\" \/> \u00a0\u00a0<img loading=\"lazy\" decoding=\"async\" src=\"https:\/\/www.matelas-posa.fr\/wp-content\/uploads\/2023\/04\/POSA_ventille-300x300.png\" width=\"90\" height=\"90\" alt=\"\" class=\"wp-image-1895 alignnone size-medium\" srcset=\"https:\/\/www.matelas-posa.fr\/wp-content\/uploads\/2023\/04\/POSA_ventille-300x300.png 300w, https:\/\/www.matelas-posa.fr\/wp-content\/uploads\/2023\/04\/POSA_ventille-100x100.png 100w, https:\/\/www.matelas-posa.fr\/wp-content\/uploads\/2023\/04\/POSA_ventille-150x150.png 150w, https:\/\/www.matelas-posa.fr\/wp-content\/uploads\/2023\/04\/POSA_ventille.png 425w\" sizes=\"(max-width: 90px) 100vw, 90px\" \/>\u00a0<img loading=\"lazy\" decoding=\"async\" src=\"https:\/\/www.matelas-posa.fr\/wp-content\/uploads\/2023\/04\/POSA_sans_cfc-300x300.png\" width=\"90\" height=\"90\" alt=\"\" class=\"wp-image-1893 alignnone size-medium\" srcset=\"https:\/\/www.matelas-posa.fr\/wp-content\/uploads\/2023\/04\/POSA_sans_cfc-300x300.png 300w, https:\/\/www.matelas-posa.fr\/wp-content\/uploads\/2023\/04\/POSA_sans_cfc-100x100.png 100w, https:\/\/www.matelas-posa.fr\/wp-content\/uploads\/2023\/04\/POSA_sans_cfc-150x150.png 150w, https:\/\/www.matelas-posa.fr\/wp-content\/uploads\/2023\/04\/POSA_sans_cfc.png 427w\" sizes=\"(max-width: 90px) 100vw, 90px\" \/><img loading=\"lazy\" decoding=\"async\" src=\"https:\/\/www.matelas-posa.fr\/wp-content\/uploads\/2023\/04\/POSA_Aloe_vera-300x300.png\" width=\"90\" height=\"90\" alt=\"\" class=\"wp-image-1885 alignnone size-medium\" srcset=\"https:\/\/www.matelas-posa.fr\/wp-content\/uploads\/2023\/04\/POSA_Aloe_vera-300x300.png 300w, https:\/\/www.matelas-posa.fr\/wp-content\/uploads\/2023\/04\/POSA_Aloe_vera-100x100.png 100w, https:\/\/www.matelas-posa.fr\/wp-content\/uploads\/2023\/04\/POSA_Aloe_vera-150x150.png 150w, https:\/\/www.matelas-posa.fr\/wp-content\/uploads\/2023\/04\/POSA_Aloe_vera.png 426w\" sizes=\"(max-width: 90px) 100vw, 90px\" \/><\/p>\n<p>[\/et_pb_text][\/et_pb_column][et_pb_column type=\u00a0\u00bb1_2&Prime; _builder_version=\u00a0\u00bb4.18.0&Prime; _module_preset=\u00a0\u00bbdefault\u00a0\u00bb global_colors_info=\u00a0\u00bb{}\u00a0\u00bb][et_pb_image src=\u00a0\u00bbhttps:\/\/www.matelas-posa.fr\/wp-content\/uploads\/2023\/01\/Nom_POsa.png\u00a0\u00bb title_text=\u00a0\u00bbNom_POsa\u00a0\u00bb align=\u00a0\u00bbright\u00a0\u00bb _builder_version=\u00a0\u00bb4.19.0&Prime; _module_preset=\u00a0\u00bbdefault\u00a0\u00bb width=\u00a0\u00bb60%\u00a0\u00bb global_colors_info=\u00a0\u00bb{}\u00a0\u00bb][\/et_pb_image][et_pb_text _builder_version=\u00a0\u00bb4.20.4&Prime; _module_preset=\u00a0\u00bbdefault\u00a0\u00bb custom_margin=\u00a0\u00bb||1px|20vw|false|false\u00a0\u00bb hover_enabled=\u00a0\u00bb0&Prime; global_colors_info=\u00a0\u00bb{}\u00a0\u00bb sticky_enabled=\u00a0\u00bb0&Prime;]<\/p>\n<ul>\n<li>Oreiller \u00e9coresponsable avec sa mousse MF Bio \u00ae<\/li>\n<li>100% mousse \u00e0 m\u00e9moire de forme pour un maintien homog\u00e8ne<\/li>\n<li>D\u00e9houssable avec traitement Aloe Vera<\/li>\n<li>Mousse perfor\u00e9e pour une ventilation id\u00e9ale<\/li>\n<\/ul>\n<p>&nbsp;<\/p>\n<p>[\/et_pb_text][et_pb_button button_url=\u00a0\u00bb#ensavoirplus\u00a0\u00bb button_text=\u00a0\u00bbEn savoir plus\u00a0\u00bb button_alignment=\u00a0\u00bbright\u00a0\u00bb _builder_version=\u00a0\u00bb4.20.2&Prime; _module_preset=\u00a0\u00bbdefault\u00a0\u00bb global_colors_info=\u00a0\u00bb{}\u00a0\u00bb][\/et_pb_button][et_pb_text _builder_version=\u00a0\u00bb4.19.0&Prime; _module_preset=\u00a0\u00bbdefault\u00a0\u00bb global_colors_info=\u00a0\u00bb{}\u00a0\u00bb]<\/p>\n<h3 style=\"text-align: right;\"><strong>L&rsquo;oreiller 100% m\u00e9moire de forme \u00e9coresponsable bient\u00f4t chez vous !<\/strong><\/h3>\n<p>[\/et_pb_text][et_pb_wc_price product=\u00a0\u00bb230&Prime; _builder_version=\u00a0\u00bb4.20.0&Prime; _module_preset=\u00a0\u00bbdefault\u00a0\u00bb global_colors_info=\u00a0\u00bb{}\u00a0\u00bb][\/et_pb_wc_price][et_pb_wc_add_to_cart product=\u00a0\u00bb230&Prime; show_stock=\u00a0\u00bboff\u00a0\u00bb field_label_position=\u00a0\u00bbinline\u00a0\u00bb _builder_version=\u00a0\u00bb4.19.0&Prime; _module_preset=\u00a0\u00bbdefault\u00a0\u00bb global_colors_info=\u00a0\u00bb{}\u00a0\u00bb][\/et_pb_wc_add_to_cart][\/et_pb_column][\/et_pb_row][\/et_pb_section][et_pb_section fb_built=\u00a0\u00bb1&Prime; disabled_on=\u00a0\u00bboff|on|on\u00a0\u00bb _builder_version=\u00a0\u00bb4.20.2&Prime; _module_preset=\u00a0\u00bbdefault\u00a0\u00bb background_enable_image=\u00a0\u00bboff\u00a0\u00bb parallax=\u00a0\u00bbon\u00a0\u00bb custom_margin=\u00a0\u00bb0px||||false|false\u00a0\u00bb custom_padding=\u00a0\u00bb0px||||false|false\u00a0\u00bb global_colors_info=\u00a0\u00bb{}\u00a0\u00bb][et_pb_row _builder_version=\u00a0\u00bb4.20.2&Prime; _module_preset=\u00a0\u00bbdefault\u00a0\u00bb background_image=\u00a0\u00bbhttps:\/\/www.matelas-posa.fr\/wp-content\/uploads\/2022\/10\/fond_matelas_aloe_vera_posa.jpg\u00a0\u00bb parallax=\u00a0\u00bbon\u00a0\u00bb background_enable_mask_style=\u00a0\u00bbon\u00a0\u00bb background_mask_style=\u00a0\u00bbcorner-lake\u00a0\u00bb width=\u00a0\u00bb100%\u00a0\u00bb max_width=\u00a0\u00bb2560px\u00a0\u00bb custom_margin=\u00a0\u00bb0px||||false|false\u00a0\u00bb global_colors_info=\u00a0\u00bb{}\u00a0\u00bb][et_pb_column type=\u00a0\u00bb4_4&Prime; _builder_version=\u00a0\u00bb4.20.2&Prime; _module_preset=\u00a0\u00bbdefault\u00a0\u00bb global_colors_info=\u00a0\u00bb{}\u00a0\u00bb][et_pb_image src=\u00a0\u00bbhttps:\/\/www.matelas-posa.fr\/wp-content\/uploads\/2023\/01\/oreillerboite-POSA.png\u00a0\u00bb title_text=\u00a0\u00bboreiller+bo\u00eete-POSA\u00a0\u00bb align=\u00a0\u00bbcenter\u00a0\u00bb _builder_version=\u00a0\u00bb4.20.2&Prime; _module_preset=\u00a0\u00bbdefault\u00a0\u00bb width=\u00a0\u00bb100vw\u00a0\u00bb global_colors_info=\u00a0\u00bb{}\u00a0\u00bb][\/et_pb_image][\/et_pb_column][\/et_pb_row][et_pb_row _builder_version=\u00a0\u00bb4.20.2&Prime; _module_preset=\u00a0\u00bbdefault\u00a0\u00bb width=\u00a0\u00bb90%\u00a0\u00bb max_width=\u00a0\u00bb1635px\u00a0\u00bb custom_margin=\u00a0\u00bb-30px|auto||auto||\u00a0\u00bb global_colors_info=\u00a0\u00bb{}\u00a0\u00bb][et_pb_column type=\u00a0\u00bb4_4&Prime; _builder_version=\u00a0\u00bb4.18.0&Prime; _module_preset=\u00a0\u00bbdefault\u00a0\u00bb global_colors_info=\u00a0\u00bb{}\u00a0\u00bb][et_pb_text _builder_version=\u00a0\u00bb4.20.4&Prime; _module_preset=\u00a0\u00bbdefault\u00a0\u00bb hover_enabled=\u00a0\u00bb0&Prime; global_colors_info=\u00a0\u00bb{}\u00a0\u00bb sticky_enabled=\u00a0\u00bb0&Prime;]<\/p>\n<ul>\n<li>Oreiller \u00e9coresponsable avec sa mousse MF Bio \u00ae<\/li>\n<li>100% mousse \u00e0 m\u00e9moire de forme pour un maintien homog\u00e8ne<\/li>\n<li>D\u00e9houssable avec traitement Aloe Vera<\/li>\n<li>Mousse perfor\u00e9e pour une ventilation id\u00e9ale<\/li>\n<\/ul>\n<p>&nbsp;<\/p>\n<p>[\/et_pb_text][et_pb_text _builder_version=\u00a0\u00bb4.20.2&Prime; _module_preset=\u00a0\u00bbdefault\u00a0\u00bb global_colors_info=\u00a0\u00bb{}\u00a0\u00bb]<\/p>\n<h3 style=\"text-align: center;\"><strong>L&rsquo;oreiller 100% m\u00e9moire de forme \u00e9coresponsable bient\u00f4t chez vous !<\/strong><\/h3>\n<p>[\/et_pb_text][et_pb_wc_price product=\u00a0\u00bb230&Prime; _builder_version=\u00a0\u00bb4.20.0&Prime; _module_preset=\u00a0\u00bbdefault\u00a0\u00bb global_colors_info=\u00a0\u00bb{}\u00a0\u00bb][\/et_pb_wc_price][et_pb_wc_add_to_cart product=\u00a0\u00bb230&Prime; show_stock=\u00a0\u00bboff\u00a0\u00bb field_label_position=\u00a0\u00bbinline\u00a0\u00bb _builder_version=\u00a0\u00bb4.19.0&Prime; _module_preset=\u00a0\u00bbdefault\u00a0\u00bb global_colors_info=\u00a0\u00bb{}\u00a0\u00bb][\/et_pb_wc_add_to_cart][\/et_pb_column][\/et_pb_row][\/et_pb_section][et_pb_section fb_built=\u00a0\u00bb1&Prime; module_id=\u00a0\u00bbensavoirplus\u00a0\u00bb _builder_version=\u00a0\u00bb4.20.2&Prime; _module_preset=\u00a0\u00bbdefault\u00a0\u00bb custom_padding=\u00a0\u00bb0px|||||\u00a0\u00bb global_colors_info=\u00a0\u00bb{}\u00a0\u00bb][et_pb_row _builder_version=\u00a0\u00bb4.20.2&Prime; _module_preset=\u00a0\u00bbdefault\u00a0\u00bb global_colors_info=\u00a0\u00bb{}\u00a0\u00bb][et_pb_column type=\u00a0\u00bb4_4&Prime; _builder_version=\u00a0\u00bb4.20.2&Prime; _module_preset=\u00a0\u00bbdefault\u00a0\u00bb global_colors_info=\u00a0\u00bb{}\u00a0\u00bb][et_pb_text _builder_version=\u00a0\u00bb4.20.2&Prime; _module_preset=\u00a0\u00bbdefault\u00a0\u00bb global_colors_info=\u00a0\u00bb{}\u00a0\u00bb]<\/p>\n<h2 style=\"text-align: center;\">Descriptif des mat\u00e9riaux de l&rsquo;oreiller P\u00f2sa.<\/h2>\n<p>[\/et_pb_text][\/et_pb_column][\/et_pb_row][et_pb_row column_structure=\u00a0\u00bb1_4,1_4,1_4,1_4&Prime; _builder_version=\u00a0\u00bb4.19.0&Prime; _module_preset=\u00a0\u00bbdefault\u00a0\u00bb max_width=\u00a0\u00bb2560px\u00a0\u00bb global_colors_info=\u00a0\u00bb{}\u00a0\u00bb][et_pb_column type=\u00a0\u00bb1_4&Prime; _builder_version=\u00a0\u00bb4.19.0&Prime; _module_preset=\u00a0\u00bbdefault\u00a0\u00bb global_colors_info=\u00a0\u00bb{}\u00a0\u00bb][et_pb_image src=\u00a0\u00bbhttps:\/\/www.matelas-posa.fr\/wp-content\/uploads\/2023\/02\/MF-Bio.png\u00a0\u00bb title_text=\u00a0\u00bbMF-Bio\u00a0\u00bb _builder_version=\u00a0\u00bb4.20.2&Prime; _module_preset=\u00a0\u00bbdefault\u00a0\u00bb global_colors_info=\u00a0\u00bb{}\u00a0\u00bb][\/et_pb_image][et_pb_text _builder_version=\u00a0\u00bb4.20.0&Prime; _module_preset=\u00a0\u00bbdefault\u00a0\u00bb global_colors_info=\u00a0\u00bb{}\u00a0\u00bb]<\/p>\n<h3 style=\"text-align: center;\">Mousse m\u00e9moire de Forme MF-Bio\u00ae<\/h3>\n<p>[\/et_pb_text][et_pb_text _builder_version=\u00a0\u00bb4.19.0&Prime; _module_preset=\u00a0\u00bbdefault\u00a0\u00bb global_colors_info=\u00a0\u00bb{}\u00a0\u00bb]<\/p>\n<p>La mousse MF-Bio\u00ae utilis\u00e9e dans la fabrication de cet oreiller est \u00e9cologique et respectueuse de l\u2019environnement. Elle est \u00e9galement hypoallerg\u00e9nique et respirante, ce qui la rend parfaite pour les personnes souffrant d\u2019allergies ou d\u2019asthme.<\/p>\n<p>La mousse \u00e0 m\u00e9moire MF-Bio\u00ae, c\u2019est l\u2019union des Biogreen\u00ae et MF MIND FOAM\u00ae<br \/>un produit avec des caract\u00e9ristiques uniques et impeccables, aux performances sup\u00e9rieures, un produit pr\u00eat \u00e0 assurer un repos naturel.<\/p>\n<p>[\/et_pb_text][\/et_pb_column][et_pb_column type=\u00a0\u00bb1_4&Prime; _builder_version=\u00a0\u00bb4.19.0&Prime; _module_preset=\u00a0\u00bbdefault\u00a0\u00bb global_colors_info=\u00a0\u00bb{}\u00a0\u00bb][et_pb_text _builder_version=\u00a0\u00bb4.19.0&Prime; _module_preset=\u00a0\u00bbdefault\u00a0\u00bb global_colors_info=\u00a0\u00bb{}\u00a0\u00bb]Biogreen\u00ae, produit r\u00e9volutionnaire, qui introduit de nouveaux concepts dans le monde du sommeil, obtenus \u00e0 partir de mati\u00e8res premi\u00e8res renouvelables \u00ab Renewable Resources \u00bb naturelles, et non contaminantes. Biogreen\u00ae, combinaison parfaite de la chimie et de la nature.[\/et_pb_text][et_pb_text _builder_version=\u00a0\u00bb4.20.0&Prime; _module_preset=\u00a0\u00bbdefault\u00a0\u00bb global_colors_info=\u00a0\u00bb{}\u00a0\u00bb]<\/p>\n<h1 style=\"text-align: center;\">+<\/h1>\n<p>[\/et_pb_text][et_pb_text _builder_version=\u00a0\u00bb4.20.4&Prime; _module_preset=\u00a0\u00bbdefault\u00a0\u00bb hover_enabled=\u00a0\u00bb0&Prime; global_colors_info=\u00a0\u00bb{}\u00a0\u00bb sticky_enabled=\u00a0\u00bb0&Prime;]<\/p>\n<p><span>M.F. MIND FOAM\u00ae, mousse visco\u00e9lastique, \u00e0 m\u00e9moire lente, \u00e0 haute densit\u00e9, id\u00e9ale comme produit anti-d\u00e9cubitus dans le secteur de la sant\u00e9, et comme accueil pour la zone cervicale ; sa r\u00e9activit\u00e9 particuli\u00e8re fait que l\u2019accueil s&rsquo;adapte parfaitement, avec effet stabilisant, avec retour lent et garanti.<\/span><\/p>\n<p>[\/et_pb_text][et_pb_image src=\u00a0\u00bbhttps:\/\/www.matelas-posa.fr\/wp-content\/uploads\/2023\/04\/soutien_oreiller_posa.jpg\u00a0\u00bb _builder_version=\u00a0\u00bb4.20.4&Prime; _module_preset=\u00a0\u00bbdefault\u00a0\u00bb title_text=\u00a0\u00bbsoutien_oreiller_posa\u00a0\u00bb hover_enabled=\u00a0\u00bb0&Prime; sticky_enabled=\u00a0\u00bb0&Prime;][\/et_pb_image][\/et_pb_column][et_pb_column type=\u00a0\u00bb1_4&Prime; _builder_version=\u00a0\u00bb4.19.0&Prime; _module_preset=\u00a0\u00bbdefault\u00a0\u00bb global_colors_info=\u00a0\u00bb{}\u00a0\u00bb][et_pb_image src=\u00a0\u00bbhttps:\/\/www.matelas-posa.fr\/wp-content\/uploads\/2022\/10\/Aloe_vera_posa-1.png\u00a0\u00bb title_text=\u00a0\u00bbAloe_vera_posa\u00a0\u00bb _builder_version=\u00a0\u00bb4.20.0&Prime; _module_preset=\u00a0\u00bbdefault\u00a0\u00bb global_colors_info=\u00a0\u00bb{}\u00a0\u00bb][\/et_pb_image][et_pb_text _builder_version=\u00a0\u00bb4.19.0&Prime; _module_preset=\u00a0\u00bbdefault\u00a0\u00bb global_colors_info=\u00a0\u00bb{}\u00a0\u00bb]<\/p>\n<h3 style=\"text-align: center;\">Coutil : Aloe Vera<\/h3>\n<p>[\/et_pb_text][et_pb_text _builder_version=\u00a0\u00bb4.20.0&Prime; _module_preset=\u00a0\u00bbdefault\u00a0\u00bb global_colors_info=\u00a0\u00bb{}\u00a0\u00bb]<\/p>\n<p>Le traitement \u00e0 l\u2019Aloe Vera du coutil apporte beaucoup d\u2019atouts :<br \/>\u2022 Douceur au toucher pour un meilleur confort.<br \/>\u2022 Vertus appaisantes pour permettre un endormissement plus sain.<br \/>\u2022 Une protection suppl\u00e9mentaire pour acrroitre la long\u00e9vit\u00e9.<br \/>\u2022 Protection naturelle anti-acariens et anti-bact\u00e9rien.<\/p>\n<p>[\/et_pb_text][\/et_pb_column][et_pb_column type=\u00a0\u00bb1_4&Prime; _builder_version=\u00a0\u00bb4.19.0&Prime; _module_preset=\u00a0\u00bbdefault\u00a0\u00bb global_colors_info=\u00a0\u00bb{}\u00a0\u00bb][et_pb_text _builder_version=\u00a0\u00bb4.19.0&Prime; _module_preset=\u00a0\u00bbdefault\u00a0\u00bb global_colors_info=\u00a0\u00bb{}\u00a0\u00bb]<\/p>\n<h3 style=\"text-align: center;\">D\u00e9houssable<\/h3>\n<p>[\/et_pb_text][et_pb_text _builder_version=\u00a0\u00bb4.20.0&Prime; _module_preset=\u00a0\u00bbdefault\u00a0\u00bb global_colors_info=\u00a0\u00bb{}\u00a0\u00bb]<\/p>\n<p>Pour simplifier le nettoyage de votre oreiller, il est d\u00e9houssable.<\/p>\n<p>Le nettoyage doit \u00eatre fait \u00e0 basse temp\u00e9rature (max. 30\u00b0) pour ne pas alt\u00e9rer les bienfaits du traitement aloe vera.<\/p>\n<p>Le repassage se fait aussi \u00e0 basse temp\u00e9rature et la housse ne doit pas \u00eatre mise au s\u00e9che linge.<\/p>\n<p>[\/et_pb_text][et_pb_image src=\u00a0\u00bbhttps:\/\/www.matelas-posa.fr\/wp-content\/uploads\/2023\/02\/oreiller_dehoussable_posa.png\u00a0\u00bb title_text=\u00a0\u00bboreiller_dehoussable_posa\u00a0\u00bb _builder_version=\u00a0\u00bb4.20.0&Prime; _module_preset=\u00a0\u00bbdefault\u00a0\u00bb global_colors_info=\u00a0\u00bb{}\u00a0\u00bb][\/et_pb_image][\/et_pb_column][\/et_pb_row][\/et_pb_section]<\/p>\n","protected":false},"excerpt":{"rendered":"<p>\u00a0\u00a0\u00a0 Oreiller \u00e9coresponsable avec sa mousse MF Bio \u00ae 100% mousse \u00e0 m\u00e9moire de forme pour un maintien homog\u00e8ne D\u00e9houssable avec traitement Aloe Vera Mousse perfor\u00e9e pour une ventilation id\u00e9ale &nbsp;L&rsquo;oreiller 100% m\u00e9moire de forme \u00e9coresponsable bient\u00f4t chez vous ! Oreiller \u00e9coresponsable avec sa mousse MF Bio \u00ae 100% mousse \u00e0 m\u00e9moire de forme pour [&hellip;]<\/p>\n","protected":false},"author":1,"featured_media":0,"parent":0,"menu_order":0,"comment_status":"closed","ping_status":"closed","template":"","meta":{"_et_pb_use_builder":"on","_et_pb_old_content":"","_et_gb_content_width":"","footnotes":""},"class_list":["post-227","page","type-page","status-publish","hentry"],"_links":{"self":[{"href":"https:\/\/www.matelas-posa.fr\/index.php?rest_route=\/wp\/v2\/pages\/227","targetHints":{"allow":["GET"]}}],"collection":[{"href":"https:\/\/www.matelas-posa.fr\/index.php?rest_route=\/wp\/v2\/pages"}],"about":[{"href":"https:\/\/www.matelas-posa.fr\/index.php?rest_route=\/wp\/v2\/types\/page"}],"author":[{"embeddable":true,"href":"https:\/\/www.matelas-posa.fr\/index.php?rest_route=\/wp\/v2\/users\/1"}],"replies":[{"embeddable":true,"href":"https:\/\/www.matelas-posa.fr\/index.php?rest_route=%2Fwp%2Fv2%2Fcomments&post=227"}],"version-history":[{"count":20,"href":"https:\/\/www.matelas-posa.fr\/index.php?rest_route=\/wp\/v2\/pages\/227\/revisions"}],"predecessor-version":[{"id":1993,"href":"https:\/\/www.matelas-posa.fr\/index.php?rest_route=\/wp\/v2\/pages\/227\/revisions\/1993"}],"wp:attachment":[{"href":"https:\/\/www.matelas-posa.fr\/index.php?rest_route=%2Fwp%2Fv2%2Fmedia&parent=227"}],"curies":[{"name":"wp","href":"https:\/\/api.w.org\/{rel}","templated":true}]}}